{"id":860,"date":"2018-09-30T10:57:30","date_gmt":"2018-09-30T10:57:30","guid":{"rendered":"http:\/\/new.ibiza-bay.com\/?page_id=860"},"modified":"2021-07-26T10:07:50","modified_gmt":"2021-07-26T10:07:50","slug":"imprint","status":"publish","type":"page","link":"https:\/\/ibiza-bay.com\/es\/nota-legal\/","title":{"rendered":"Nota Legal"},"content":{"rendered":"<p>Aviso legal. Art\u00edculo 10 de la LSSICE<\/p>\n<h3>PROPIETARIO<\/h3>\n<p>Propietario: IBIZA BAY<br \/>\nNIF: Y2136021W<br \/>\nDirecci\u00f3n: Comunidad Nuevo Sol 36, 07819 Urb. Roca Llisa | Ibiza<br \/>\nTel\u00e9fono: +34 628 993 256<\/p>\n<h3>PROTECCI\u00d3N DE DATOS PERSONALES<\/h3>\n<p>Los datos de car\u00e1cter personal que se recogen en el sitio web se utilizan \u00fanicamente para la prestaci\u00f3n de los servicios solicitados as\u00ed como para la facturaci\u00f3n de los mismos. Sus datos ser\u00e1n almacenados en ficheros de titularidad de IBIZA BAY para su facturaci\u00f3n y ser\u00e1n conservados durante el plazo legalmente establecido. Podr\u00e1 ejercer sus derechos de acceso, rectificaci\u00f3n, cancelaci\u00f3n y oposici\u00f3n dirigi\u00e9ndose por escrito a IBIZA BAY en Comunidad Nuevo Sol 36, 07819 Urb. Roca Llisa | Ibiza<\/p>\n<h3>PROPIEDAD INTELECTUAL Y RESPONSABILIDAD SOBRE LOS CONTENIDOS<\/h3>\n<p>Queda prohibido cualquier uso de los contenidos de la web, concretamente de los textos, dise\u00f1o y c\u00f3digo fuente, sin la autorizaci\u00f3n expresa de sus propietarios. Cualquier uso no autorizado ser\u00e1 perseguido por sus leg\u00edtimos propietarios.<\/p>\n<p>El titular del sitio web no se responsabiliza de los contenidos de los sitios a los que puedan conducir los enlaces de este sitio web, de acuerdo con el art\u00edculo 17 de la LSSICE.<\/p>","protected":false},"excerpt":{"rendered":"<p>Aviso legal. Art\u00edculo 10 de la LSSICE PROPIETARIO Propietario: IBIZA BAY NIF: Y2136021W Direcci\u00f3n: Comunidad &hellip;<\/p>\n","protected":false},"author":1,"featured_media":0,"parent":0,"menu_order":0,"comment_status":"closed","ping_status":"closed","template":"","meta":{"footnotes":""},"class_list":["post-860","page","type-page","status-publish","hentry"],"acf":[],"_links":{"self":[{"href":"https:\/\/ibiza-bay.com\/es\/wp-json\/wp\/v2\/pages\/860","targetHints":{"allow":["GET"]}}],"collection":[{"href":"https:\/\/ibiza-bay.com\/es\/wp-json\/wp\/v2\/pages"}],"about":[{"href":"https:\/\/ibiza-bay.com\/es\/wp-json\/wp\/v2\/types\/page"}],"author":[{"embeddable":true,"href":"https:\/\/ibiza-bay.com\/es\/wp-json\/wp\/v2\/users\/1"}],"replies":[{"embeddable":true,"href":"https:\/\/ibiza-bay.com\/es\/wp-json\/wp\/v2\/comments?post=860"}],"version-history":[{"count":5,"href":"https:\/\/ibiza-bay.com\/es\/wp-json\/wp\/v2\/pages\/860\/revisions"}],"predecessor-version":[{"id":4772,"href":"https:\/\/ibiza-bay.com\/es\/wp-json\/wp\/v2\/pages\/860\/revisions\/4772"}],"wp:attachment":[{"href":"https:\/\/ibiza-bay.com\/es\/wp-json\/wp\/v2\/media?parent=860"}],"curies":[{"name":"wp","href":"https:\/\/api.w.org\/{rel}","templated":true}]}}