{"id":867,"date":"2018-09-30T11:03:44","date_gmt":"2018-09-30T11:03:44","guid":{"rendered":"http:\/\/new.ibiza-bay.com\/?page_id=867"},"modified":"2021-07-25T20:25:14","modified_gmt":"2021-07-25T20:25:14","slug":"terms-conditions","status":"publish","type":"page","link":"https:\/\/ibiza-bay.com\/fr\/termes-et-conditions\/","title":{"rendered":"Termes et conditions"},"content":{"rendered":"<p><\/p>\n<h2>1.l\u00e9galit\u00e9<\/h2>\n<p>Tous les bateaux offerts par Ibiza Bays, ont des licences de location, une assurance compl\u00e8te, une assurance de responsabilit\u00e9 civile et des imp\u00f4ts \u00e0 jour. Chaque bateau dispose d&rsquo;un \u00e9quipement de s\u00e9curit\u00e9 complet. Ibiza Bay ne travaille qu&rsquo;avec des \u00e9quipages qualifi\u00e9s et professionnels.<\/p>\n<h2>2. R\u00e9servation d&rsquo;un bateau<\/h2>\n<p>La r\u00e9servation d&rsquo;un bateau ne devient effective qu&rsquo;apr\u00e8s r\u00e9ception de 50% du prix total de la location. Les 50% restants doivent \u00eatre pay\u00e9s avant l&#8217;embarquement.<\/p>\n<h2>3. modes de paiement<\/h2>\n<p>Les paiements sont accept\u00e9s dans les formats suivants :<\/p>\n<p>Esp\u00e8ces en Euros<br \/>\nCarte de cr\u00e9dit : Visa, Master Card, AMEX (suppl\u00e9ment de 3,5% sur toutes les transactions AMEX<br \/>\ntransactions AMEX)<br \/>\nVirement bancaire<\/p>\n<h2>4. Carburant<\/h2>\n<p>Le carburant n&rsquo;est pas inclus dans le prix de la location. Notre personnel pr\u00e9cisera la consommation moyenne enregistr\u00e9e avant le d\u00e9part. Le paiement du carburant est effectu\u00e9 le matin de la location.<\/p>\n<h2>5. Frais d&rsquo;amarrage<\/h2>\n<p>Nos bateaux sont amarr\u00e9s dans le port de Marina Ibiza et Marina Botafoch, les frais d&rsquo;amarrage pour les locations \u00e0 la journ\u00e9e sont inclus dans le prix. Les amarrages en dehors du port de base ne sont pas inclus dans le prix et feront l&rsquo;objet d&rsquo;un suppl\u00e9ment. Les locations \u00e0 la semaine sont \u00e0 discuter lors de la r\u00e9servation.<\/p>\n<h2>6. Heures de d\u00e9part et de retour<\/h2>\n<p>L&rsquo;heure de d\u00e9part sera fix\u00e9e lors de la proc\u00e9dure de r\u00e9servation. Nos charters sont de 8 heures et pour assurer la s\u00e9curit\u00e9, le retour doit se faire avant la tomb\u00e9e de la nuit.<\/p>\n<h2>7. Inclusions gratuites<\/h2>\n<p>Ibiza Bay fournit gratuitement de l&rsquo;eau, des boissons non alcoolis\u00e9es et des serviettes. Veuillez demander \u00e0 notre personnel toute commande sp\u00e9ciale telle que champagne, cava, vins, cocktails, etc.<\/p>\n<h2>8. R\u00e9servations de restaurant<\/h2>\n<p>Demandez \u00e0 notre personnel de faire des r\u00e9servations de table en votre nom. L&rsquo;\u00e9quipage restera \u00e0 bord pour s&rsquo;occuper de vos affaires et du navire.<\/p>\n<h2>9. Capacit\u00e9s maximales<\/h2>\n<p>En Espagne, la capacit\u00e9 maximale l\u00e9gale \u00e0 bord d&rsquo;un bateau ou d&rsquo;un yacht, quelle que soit sa longueur, est de : 12 personnes maximum y compris le capitaine. Sur un yacht 12 personnes maximum + l&rsquo;\u00e9quipage si la licence le permet.<\/p>\n<h2>10. Groupes de 13 personnes ou plus<\/h2>\n<p>Plusieurs options sont disponibles pour accueillir des groupes plus importants. Veuillez discuter de vos besoins avec les membres de notre personnel.<\/p>","protected":false},"excerpt":{"rendered":"<p>1.l\u00e9galit\u00e9 Tous les bateaux offerts par Ibiza Bays, ont des licences de location, une assurance &hellip;<\/p>\n","protected":false},"author":1,"featured_media":0,"parent":0,"menu_order":0,"comment_status":"closed","ping_status":"closed","template":"","meta":{"footnotes":""},"class_list":["post-867","page","type-page","status-publish","hentry"],"acf":[],"_links":{"self":[{"href":"https:\/\/ibiza-bay.com\/fr\/wp-json\/wp\/v2\/pages\/867","targetHints":{"allow":["GET"]}}],"collection":[{"href":"https:\/\/ibiza-bay.com\/fr\/wp-json\/wp\/v2\/pages"}],"about":[{"href":"https:\/\/ibiza-bay.com\/fr\/wp-json\/wp\/v2\/types\/page"}],"author":[{"embeddable":true,"href":"https:\/\/ibiza-bay.com\/fr\/wp-json\/wp\/v2\/users\/1"}],"replies":[{"embeddable":true,"href":"https:\/\/ibiza-bay.com\/fr\/wp-json\/wp\/v2\/comments?post=867"}],"version-history":[{"count":5,"href":"https:\/\/ibiza-bay.com\/fr\/wp-json\/wp\/v2\/pages\/867\/revisions"}],"predecessor-version":[{"id":4756,"href":"https:\/\/ibiza-bay.com\/fr\/wp-json\/wp\/v2\/pages\/867\/revisions\/4756"}],"wp:attachment":[{"href":"https:\/\/ibiza-bay.com\/fr\/wp-json\/wp\/v2\/media?parent=867"}],"curies":[{"name":"wp","href":"https:\/\/api.w.org\/{rel}","templated":true}]}}